{"id":42,"date":"2025-10-06T06:07:03","date_gmt":"2025-10-06T06:07:03","guid":{"rendered":"https:\/\/translation.no\/?page_id=42"},"modified":"2026-03-25T07:41:46","modified_gmt":"2026-03-25T07:41:46","slug":"fields","status":"publish","type":"page","link":"https:\/\/translation.no\/en\/fields\/","title":{"rendered":"Fields"},"content":{"rendered":"<div data-elementor-type=\"wp-page\" data-elementor-id=\"42\" class=\"elementor elementor-42\" data-elementor-post-type=\"page\">\n\t\t\t\t<div class=\"elementor-element elementor-element-5ce4ea8 e-flex e-con-boxed e-con e-parent\" data-id=\"5ce4ea8\" data-element_type=\"container\" data-e-type=\"container\" data-settings=\"{&quot;background_background&quot;:&quot;classic&quot;}\">\n\t\t\t\t\t<div class=\"e-con-inner\">\n\t\t<div class=\"elementor-element elementor-element-d091b9a e-con-full e-flex e-con e-child\" data-id=\"d091b9a\" data-element_type=\"container\" data-e-type=\"container\">\n\t\t\t\t<div class=\"elementor-element elementor-element-d939c0a elementor-widget__width-initial elementor-widget elementor-widget-heading\" data-id=\"d939c0a\" data-element_type=\"widget\" data-e-type=\"widget\" data-widget_type=\"heading.default\">\n\t\t\t\t\t<h1 class=\"elementor-heading-title elementor-size-default\">Professional translation services tailored to every \n <span>industry<\/span><\/h1>\t\t\t\t<\/div>\n\t\t\t\t<div class=\"elementor-element elementor-element-afb8e78 elementor-widget__width-initial elementor-widget elementor-widget-text-editor\" data-id=\"afb8e78\" data-element_type=\"widget\" data-e-type=\"widget\" data-widget_type=\"text-editor.default\">\n\t\t\t\t\t\t\t\t\tWe provide specialized translation services across key industries where accuracy and confidentiality are crucial. From legal contracts to financial documents, we ensure every word is precise and trustworthy.\n\t\t\t\t\t\t\t\t<\/div>\n\t\t\t\t<div class=\"elementor-element elementor-element-a72ea53 elementor-widget elementor-widget-button\" data-id=\"a72ea53\" data-element_type=\"widget\" data-e-type=\"widget\" data-widget_type=\"button.default\">\n\t\t\t\t\t\t\t\t\t\t<a class=\"elementor-button elementor-button-link elementor-size-sm\" href=\"https:\/\/translation.no\/en\/services\/\">\n\t\t\t\t\t\t<span class=\"elementor-button-content-wrapper\">\n\t\t\t\t\t\t\t\t\t<span class=\"elementor-button-text\">View all services<\/span>\n\t\t\t\t\t<\/span>\n\t\t\t\t\t<\/a>\n\t\t\t\t\t\t\t\t<\/div>\n\t\t\t\t<\/div>\n\t\t<div class=\"elementor-element elementor-element-a38c393 e-con-full e-flex e-con e-child\" data-id=\"a38c393\" data-element_type=\"container\" data-e-type=\"container\">\n\t\t\t\t<div class=\"elementor-element elementor-element-52c5236 elementor-widget elementor-widget-image\" data-id=\"52c5236\" data-element_type=\"widget\" data-e-type=\"widget\" data-widget_type=\"image.default\">\n\t\t\t\t\t\t\t\t\t\t\t\t\t\t\t<img fetchpriority=\"high\" decoding=\"async\" width=\"1515\" height=\"1440\" src=\"https:\/\/translation.no\/wp-content\/uploads\/2025\/10\/Rectangle-3.jpg\" class=\"attachment-full size-full wp-image-103\" alt=\"Oversetter ved skrivebord som gjennomg\u00e5r dokumenter\" srcset=\"https:\/\/translation.no\/wp-content\/uploads\/2025\/10\/Rectangle-3.jpg 1515w, https:\/\/translation.no\/wp-content\/uploads\/2025\/10\/Rectangle-3-300x285.jpg 300w, https:\/\/translation.no\/wp-content\/uploads\/2025\/10\/Rectangle-3-1024x973.jpg 1024w, https:\/\/translation.no\/wp-content\/uploads\/2025\/10\/Rectangle-3-768x730.jpg 768w\" sizes=\"(max-width: 1515px) 100vw, 1515px\" \/>\t\t\t\t\t\t\t\t\t\t\t\t\t\t\t<\/div>\n\t\t\t\t<\/div>\n\t\t\t\t\t<\/div>\n\t\t\t\t<\/div>\n\t\t<div class=\"elementor-element elementor-element-2153411 olje-gass-og-gr\u00f8nn-energi e-flex e-con-boxed e-con e-child\" data-id=\"2153411\" data-element_type=\"container\" data-e-type=\"container\" id=\"olje-gass-og-gr\u00f8nn-energi\" data-settings=\"{&quot;background_background&quot;:&quot;classic&quot;}\">\n\t\t\t\t\t<div class=\"e-con-inner\">\n\t\t<div class=\"elementor-element elementor-element-9f9c8c1 e-flex e-con-boxed e-con e-child\" data-id=\"9f9c8c1\" data-element_type=\"container\" data-e-type=\"container\">\n\t\t\t\t\t<div class=\"e-con-inner\">\n\t\t\t\t<div class=\"elementor-element elementor-element-b4d7021 elementor-widget elementor-widget-image\" data-id=\"b4d7021\" data-element_type=\"widget\" data-e-type=\"widget\" data-widget_type=\"image.default\">\n\t\t\t\t\t\t\t\t\t\t\t\t\t\t\t<img decoding=\"async\" width=\"2560\" height=\"1684\" src=\"https:\/\/translation.no\/wp-content\/uploads\/2025\/10\/sky-scaled.webp\" class=\"attachment-full size-full wp-image-350\" alt=\"Solrik himmel\" srcset=\"https:\/\/translation.no\/wp-content\/uploads\/2025\/10\/sky-scaled.webp 2560w, https:\/\/translation.no\/wp-content\/uploads\/2025\/10\/sky-300x197.webp 300w, https:\/\/translation.no\/wp-content\/uploads\/2025\/10\/sky-1024x674.webp 1024w, https:\/\/translation.no\/wp-content\/uploads\/2025\/10\/sky-768x505.webp 768w, https:\/\/translation.no\/wp-content\/uploads\/2025\/10\/sky-1536x1010.webp 1536w, https:\/\/translation.no\/wp-content\/uploads\/2025\/10\/sky-2048x1347.webp 2048w\" sizes=\"(max-width: 2560px) 100vw, 2560px\" \/>\t\t\t\t\t\t\t\t\t\t\t\t\t\t\t<\/div>\n\t\t<div class=\"elementor-element elementor-element-a2938f1 e-con-full e-flex e-con e-child\" data-id=\"a2938f1\" data-element_type=\"container\" data-e-type=\"container\">\n\t\t\t\t<div class=\"elementor-element elementor-element-2edb707 elementor-widget elementor-widget-text-editor\" data-id=\"2edb707\" data-element_type=\"widget\" data-e-type=\"widget\" data-widget_type=\"text-editor.default\">\n\t\t\t\t\t\t\t\t\t<p>OIL, GAS AND RENEWABLE ENERGY<\/p>\t\t\t\t\t\t\t\t<\/div>\n\t\t\t\t<div class=\"elementor-element elementor-element-f46226f elementor-widget elementor-widget-heading\" data-id=\"f46226f\" data-element_type=\"widget\" data-e-type=\"widget\" data-widget_type=\"heading.default\">\n\t\t\t\t\t<h3 class=\"elementor-heading-title elementor-size-default\">Technical translations for oil, gas and renewable energy\u200b<\/h3>\t\t\t\t<\/div>\n\t\t\t\t<div class=\"elementor-element elementor-element-b88a2ec elementor-widget__width-initial elementor-widget elementor-widget-text-editor\" data-id=\"b88a2ec\" data-element_type=\"widget\" data-e-type=\"widget\" data-widget_type=\"text-editor.default\">\n\t\t\t\t\t\t\t\t\t<p>We have extensive experience in assisting Norwegian and international petroleum companies, the supplier industry, and the authorities with translations, interpreting and terminology.<\/p><p><span style=\"letter-spacing: 0px;\">Our daily work includes press releases, technical and government documents, contracts, reports, and articles for our customers. Several of our translators have experience from the petroleum industry and communication work. We have established an extensive oil and energy terminology database.<\/span><\/p>\t\t\t\t\t\t\t\t<\/div>\n\t\t\t\t<\/div>\n\t\t\t\t\t<\/div>\n\t\t\t\t<\/div>\n\t\t\t\t\t<\/div>\n\t\t\t\t<\/div>\n\t\t<div class=\"elementor-element elementor-element-342f344 offentlig-sektor e-flex e-con-boxed e-con e-child\" data-id=\"342f344\" data-element_type=\"container\" data-e-type=\"container\" id=\"offentlig-sektor\" data-settings=\"{&quot;background_background&quot;:&quot;classic&quot;}\">\n\t\t\t\t\t<div class=\"e-con-inner\">\n\t\t<div class=\"elementor-element elementor-element-377ded9 e-flex e-con-boxed e-con e-child\" data-id=\"377ded9\" data-element_type=\"container\" data-e-type=\"container\">\n\t\t\t\t\t<div class=\"e-con-inner\">\n\t\t\t\t<div class=\"elementor-element elementor-element-511aaaa elementor-widget elementor-widget-image\" data-id=\"511aaaa\" data-element_type=\"widget\" data-e-type=\"widget\" data-widget_type=\"image.default\">\n\t\t\t\t\t\t\t\t\t\t\t\t\t\t\t<img decoding=\"async\" width=\"612\" height=\"408\" src=\"https:\/\/translation.no\/wp-content\/uploads\/2025\/10\/65d8c0ef803efdef376175c85e5c0ea83139b329.webp\" class=\"attachment-full size-full wp-image-326\" alt=\"Domstol \u2013 juridisk oversettelse\" srcset=\"https:\/\/translation.no\/wp-content\/uploads\/2025\/10\/65d8c0ef803efdef376175c85e5c0ea83139b329.webp 612w, https:\/\/translation.no\/wp-content\/uploads\/2025\/10\/65d8c0ef803efdef376175c85e5c0ea83139b329-300x200.webp 300w\" sizes=\"(max-width: 612px) 100vw, 612px\" \/>\t\t\t\t\t\t\t\t\t\t\t\t\t\t\t<\/div>\n\t\t<div class=\"elementor-element elementor-element-516ec86 e-con-full e-flex e-con e-child\" data-id=\"516ec86\" data-element_type=\"container\" data-e-type=\"container\">\n\t\t\t\t<div class=\"elementor-element elementor-element-39b04c7 elementor-widget elementor-widget-text-editor\" data-id=\"39b04c7\" data-element_type=\"widget\" data-e-type=\"widget\" data-widget_type=\"text-editor.default\">\n\t\t\t\t\t\t\t\t\t<p>PUBLIC SECTOR<\/p>\t\t\t\t\t\t\t\t<\/div>\n\t\t\t\t<div class=\"elementor-element elementor-element-77fbf43 elementor-widget elementor-widget-heading\" data-id=\"77fbf43\" data-element_type=\"widget\" data-e-type=\"widget\" data-widget_type=\"heading.default\">\n\t\t\t\t\t<h3 class=\"elementor-heading-title elementor-size-default\">Translations for public sector and government agencies<\/h3>\t\t\t\t<\/div>\n\t\t\t\t<div class=\"elementor-element elementor-element-63e6d65 elementor-widget__width-initial elementor-widget elementor-widget-text-editor\" data-id=\"63e6d65\" data-element_type=\"widget\" data-e-type=\"widget\" data-widget_type=\"text-editor.default\">\n\t\t\t\t\t\t\t\t\t<p>We work closely with the public sector to translate government white papers, regulations, guidelines, reports, and other documents.<\/p><p><span style=\"letter-spacing: 0px;\">We know these are particularly important documents that will be read by many, both in Norway and abroad. Our strict quality requirements make us the natural choice for the public sector.<\/span><\/p>\t\t\t\t\t\t\t\t<\/div>\n\t\t\t\t<\/div>\n\t\t\t\t\t<\/div>\n\t\t\t\t<\/div>\n\t\t\t\t\t<\/div>\n\t\t\t\t<\/div>\n\t\t<div class=\"elementor-element elementor-element-1dc2c23 jus e-flex e-con-boxed e-con e-child\" data-id=\"1dc2c23\" data-element_type=\"container\" data-e-type=\"container\" id=\"jus\" data-settings=\"{&quot;background_background&quot;:&quot;classic&quot;}\">\n\t\t\t\t\t<div class=\"e-con-inner\">\n\t\t<div class=\"elementor-element elementor-element-305d84e e-flex e-con-boxed e-con e-child\" data-id=\"305d84e\" data-element_type=\"container\" data-e-type=\"container\">\n\t\t\t\t\t<div class=\"e-con-inner\">\n\t\t\t\t<div class=\"elementor-element elementor-element-379d403 elementor-widget elementor-widget-image\" data-id=\"379d403\" data-element_type=\"widget\" data-e-type=\"widget\" data-widget_type=\"image.default\">\n\t\t\t\t\t\t\t\t\t\t\t\t\t\t\t<img loading=\"lazy\" decoding=\"async\" width=\"620\" height=\"490\" src=\"https:\/\/translation.no\/wp-content\/uploads\/2025\/10\/4x5_linkedin_post_1_-_more_time_spent_with_brand_-_final-1080p-3-2.webp\" class=\"attachment-full size-full wp-image-524\" alt=\"Kvinne som holder penn og gjennomg\u00e5r oversatt dokument\" srcset=\"https:\/\/translation.no\/wp-content\/uploads\/2025\/10\/4x5_linkedin_post_1_-_more_time_spent_with_brand_-_final-1080p-3-2.webp 620w, https:\/\/translation.no\/wp-content\/uploads\/2025\/10\/4x5_linkedin_post_1_-_more_time_spent_with_brand_-_final-1080p-3-2-300x237.webp 300w\" sizes=\"(max-width: 620px) 100vw, 620px\" \/>\t\t\t\t\t\t\t\t\t\t\t\t\t\t\t<\/div>\n\t\t<div class=\"elementor-element elementor-element-a983555 e-con-full e-flex e-con e-child\" data-id=\"a983555\" data-element_type=\"container\" data-e-type=\"container\">\n\t\t\t\t<div class=\"elementor-element elementor-element-73dc21d elementor-widget elementor-widget-text-editor\" data-id=\"73dc21d\" data-element_type=\"widget\" data-e-type=\"widget\" data-widget_type=\"text-editor.default\">\n\t\t\t\t\t\t\t\t\tLaw\t\t\t\t\t\t\t\t<\/div>\n\t\t\t\t<div class=\"elementor-element elementor-element-6ef5996 elementor-widget elementor-widget-heading\" data-id=\"6ef5996\" data-element_type=\"widget\" data-e-type=\"widget\" data-widget_type=\"heading.default\">\n\t\t\t\t\t<h3 class=\"elementor-heading-title elementor-size-default\">Legal and regulatory translation services<\/h3>\t\t\t\t<\/div>\n\t\t\t\t<div class=\"elementor-element elementor-element-8625713 elementor-widget__width-initial elementor-widget elementor-widget-text-editor\" data-id=\"8625713\" data-element_type=\"widget\" data-e-type=\"widget\" data-widget_type=\"text-editor.default\">\n\t\t\t\t\t\t\t\t\t<p>We have solid experience within legal translations, be it tax issues, writs, or other documents to be used in court, as well as courtroom interpreting.<\/p><p><span style=\"letter-spacing: 0px;\">We have also specialized in UK\/US legal language, as well as Norwegian. Our customers range from major international petroleum companies to small niche firms such as green-tech companies. We provide language services and translations for public regulatory authorities, courts, directorates, and government ministries, as well as all types of organizations in both the public and private sectors.<\/span><\/p>\t\t\t\t\t\t\t\t<\/div>\n\t\t\t\t<\/div>\n\t\t\t\t\t<\/div>\n\t\t\t\t<\/div>\n\t\t\t\t\t<\/div>\n\t\t\t\t<\/div>\n\t\t<div class=\"elementor-element elementor-element-4111bce markedsf\u00f8ring-og-hjemmesider e-flex e-con-boxed e-con e-child\" data-id=\"4111bce\" data-element_type=\"container\" data-e-type=\"container\" id=\"markedsf\u00f8ring-og-hjemmesider\" data-settings=\"{&quot;background_background&quot;:&quot;classic&quot;}\">\n\t\t\t\t\t<div class=\"e-con-inner\">\n\t\t<div class=\"elementor-element elementor-element-dca2bbd e-flex e-con-boxed e-con e-child\" data-id=\"dca2bbd\" data-element_type=\"container\" data-e-type=\"container\">\n\t\t\t\t\t<div class=\"e-con-inner\">\n\t\t\t\t<div class=\"elementor-element elementor-element-7f095bc elementor-widget elementor-widget-image\" data-id=\"7f095bc\" data-element_type=\"widget\" data-e-type=\"widget\" data-widget_type=\"image.default\">\n\t\t\t\t\t\t\t\t\t\t\t\t\t\t\t<img loading=\"lazy\" decoding=\"async\" width=\"1046\" height=\"697\" src=\"https:\/\/translation.no\/wp-content\/uploads\/2025\/10\/hero-banner.webp\" class=\"attachment-full size-full wp-image-138\" alt=\"Oversettere som samarbeider p\u00e5 kontor \u2013 profesjonelle spr\u00e5ktjenester og tolking\" srcset=\"https:\/\/translation.no\/wp-content\/uploads\/2025\/10\/hero-banner.webp 1046w, https:\/\/translation.no\/wp-content\/uploads\/2025\/10\/hero-banner-300x200.webp 300w, https:\/\/translation.no\/wp-content\/uploads\/2025\/10\/hero-banner-1024x682.webp 1024w, https:\/\/translation.no\/wp-content\/uploads\/2025\/10\/hero-banner-768x512.webp 768w\" sizes=\"(max-width: 1046px) 100vw, 1046px\" \/>\t\t\t\t\t\t\t\t\t\t\t\t\t\t\t<\/div>\n\t\t<div class=\"elementor-element elementor-element-9d2ee07 e-con-full e-flex e-con e-child\" data-id=\"9d2ee07\" data-element_type=\"container\" data-e-type=\"container\">\n\t\t\t\t<div class=\"elementor-element elementor-element-e626b60 elementor-widget elementor-widget-text-editor\" data-id=\"e626b60\" data-element_type=\"widget\" data-e-type=\"widget\" data-widget_type=\"text-editor.default\">\n\t\t\t\t\t\t\t\t\tMARKETING AND WEBSITES\t\t\t\t\t\t\t\t<\/div>\n\t\t\t\t<div class=\"elementor-element elementor-element-7faa220 elementor-widget elementor-widget-heading\" data-id=\"7faa220\" data-element_type=\"widget\" data-e-type=\"widget\" data-widget_type=\"heading.default\">\n\t\t\t\t\t<h3 class=\"elementor-heading-title elementor-size-default\">Marketing, branding and website content translation<\/h3>\t\t\t\t<\/div>\n\t\t\t\t<div class=\"elementor-element elementor-element-6ff81fe elementor-widget__width-initial elementor-widget elementor-widget-text-editor\" data-id=\"6ff81fe\" data-element_type=\"widget\" data-e-type=\"widget\" data-widget_type=\"text-editor.default\">\n\t\t\t\t\t\t\t\t\t<p>We translate all types of website content into multiple languages, ensuring that your message resonates with a global audience. In addition to translation, we provide thorough review and editing to maintain clarity, consistency, and impact. Our services also extend to website layout and graphical elements, helping you present content in a visually appealing and culturally appropriate way.<\/p><p><span style=\"letter-spacing: 0px;\">Whether it is landing pages, blogs, product descriptions, or marketing campaigns, we ensure your digital presence communicates effectively across languages and regions.<\/span><\/p>\t\t\t\t\t\t\t\t<\/div>\n\t\t\t\t<\/div>\n\t\t\t\t\t<\/div>\n\t\t\t\t<\/div>\n\t\t\t\t\t<\/div>\n\t\t\t\t<\/div>\n\t\t<div class=\"elementor-element elementor-element-b5daea1 \u00f8konomi-og-\u00e5rsrapporter e-flex e-con-boxed e-con e-child\" data-id=\"b5daea1\" data-element_type=\"container\" data-e-type=\"container\" id=\"\u00f8konomi-og-\u00e5rsrapporter\" data-settings=\"{&quot;background_background&quot;:&quot;classic&quot;}\">\n\t\t\t\t\t<div class=\"e-con-inner\">\n\t\t<div class=\"elementor-element elementor-element-b1890ab e-flex e-con-boxed e-con e-child\" data-id=\"b1890ab\" data-element_type=\"container\" data-e-type=\"container\">\n\t\t\t\t\t<div class=\"e-con-inner\">\n\t\t\t\t<div class=\"elementor-element elementor-element-8d3d931 elementor-widget elementor-widget-image\" data-id=\"8d3d931\" data-element_type=\"widget\" data-e-type=\"widget\" data-widget_type=\"image.default\">\n\t\t\t\t\t\t\t\t\t\t\t\t\t\t\t<img loading=\"lazy\" decoding=\"async\" width=\"2560\" height=\"1706\" src=\"https:\/\/translation.no\/wp-content\/uploads\/2025\/10\/ede8fce1b9d182ae5040f24a79030fc0a9d73ddc-scaled.webp\" class=\"attachment-full size-full wp-image-434\" alt=\"Landskapsbilde av kontor med oversettere\" srcset=\"https:\/\/translation.no\/wp-content\/uploads\/2025\/10\/ede8fce1b9d182ae5040f24a79030fc0a9d73ddc-scaled.webp 2560w, https:\/\/translation.no\/wp-content\/uploads\/2025\/10\/ede8fce1b9d182ae5040f24a79030fc0a9d73ddc-300x200.webp 300w, https:\/\/translation.no\/wp-content\/uploads\/2025\/10\/ede8fce1b9d182ae5040f24a79030fc0a9d73ddc-1024x683.webp 1024w, https:\/\/translation.no\/wp-content\/uploads\/2025\/10\/ede8fce1b9d182ae5040f24a79030fc0a9d73ddc-768x512.webp 768w, https:\/\/translation.no\/wp-content\/uploads\/2025\/10\/ede8fce1b9d182ae5040f24a79030fc0a9d73ddc-1536x1024.webp 1536w, https:\/\/translation.no\/wp-content\/uploads\/2025\/10\/ede8fce1b9d182ae5040f24a79030fc0a9d73ddc-2048x1365.webp 2048w\" sizes=\"(max-width: 2560px) 100vw, 2560px\" \/>\t\t\t\t\t\t\t\t\t\t\t\t\t\t\t<\/div>\n\t\t<div class=\"elementor-element elementor-element-ce9e8fe e-con-full e-flex e-con e-child\" data-id=\"ce9e8fe\" data-element_type=\"container\" data-e-type=\"container\">\n\t\t\t\t<div class=\"elementor-element elementor-element-6096504 elementor-widget elementor-widget-text-editor\" data-id=\"6096504\" data-element_type=\"widget\" data-e-type=\"widget\" data-widget_type=\"text-editor.default\">\n\t\t\t\t\t\t\t\t\tFINANCIAL AND ANNUAL REPORTS\t\t\t\t\t\t\t\t<\/div>\n\t\t\t\t<div class=\"elementor-element elementor-element-8b42084 elementor-widget elementor-widget-heading\" data-id=\"8b42084\" data-element_type=\"widget\" data-e-type=\"widget\" data-widget_type=\"heading.default\">\n\t\t\t\t\t<h3 class=\"elementor-heading-title elementor-size-default\">Financial, corporate and annual report translations<\/h3>\t\t\t\t<\/div>\n\t\t\t\t<div class=\"elementor-element elementor-element-d95e706 elementor-widget__width-initial elementor-widget elementor-widget-text-editor\" data-id=\"d95e706\" data-element_type=\"widget\" data-e-type=\"widget\" data-widget_type=\"text-editor.default\">\n\t\t\t\t\t\t\t\t\tWe provide accurate and reliable translations of a wide range of financial documents, including annual reports, quarterly reports, board of directors\u2019 reports, and financial statements. Our team ensures that every figure, term, and nuance is accurately conveyed, maintaining the integrity and clarity of your documents across languages. Whether for investors, regulatory bodies, or internal stakeholders, we deliver translations that are clear, professional, and compliant with industry standards.\t\t\t\t\t\t\t\t<\/div>\n\t\t\t\t<\/div>\n\t\t\t\t\t<\/div>\n\t\t\t\t<\/div>\n\t\t\t\t\t<\/div>\n\t\t\t\t<\/div>\n\t\t\t\t<\/div>","protected":false},"excerpt":{"rendered":"<p>Profesjonelle oversettelsestjenester skreddersydd for hver bransje Vi tilbyr spesialiserte oversettelsestjenester innen bransjer der n\u00f8yaktighet og konfidensialitet er avgj\u00f8rende. Fra juridiske kontrakter til finansielle dokumenter s\u00f8rger vi for at hvert ord er presist og p\u00e5litelig. Les mer om v\u00e5re tjenester OLJE, GASS OG GR\u00d8NN ENERGI Tekniske oversettelser for olje, gass og gr\u00f8nn energi\u200b Vi har lang [&hellip;]<\/p>","protected":false},"author":4,"featured_media":103,"parent":0,"menu_order":0,"comment_status":"closed","ping_status":"closed","template":"","meta":{"_acf_changed":false,"footnotes":""},"class_list":["post-42","page","type-page","status-publish","has-post-thumbnail","hentry"],"acf":[],"_links":{"self":[{"href":"https:\/\/translation.no\/en\/wp-json\/wp\/v2\/pages\/42","targetHints":{"allow":["GET"]}}],"collection":[{"href":"https:\/\/translation.no\/en\/wp-json\/wp\/v2\/pages"}],"about":[{"href":"https:\/\/translation.no\/en\/wp-json\/wp\/v2\/types\/page"}],"author":[{"embeddable":true,"href":"https:\/\/translation.no\/en\/wp-json\/wp\/v2\/users\/4"}],"replies":[{"embeddable":true,"href":"https:\/\/translation.no\/en\/wp-json\/wp\/v2\/comments?post=42"}],"version-history":[{"count":26,"href":"https:\/\/translation.no\/en\/wp-json\/wp\/v2\/pages\/42\/revisions"}],"predecessor-version":[{"id":2952,"href":"https:\/\/translation.no\/en\/wp-json\/wp\/v2\/pages\/42\/revisions\/2952"}],"wp:featuredmedia":[{"embeddable":true,"href":"https:\/\/translation.no\/en\/wp-json\/wp\/v2\/media\/103"}],"wp:attachment":[{"href":"https:\/\/translation.no\/en\/wp-json\/wp\/v2\/media?parent=42"}],"curies":[{"name":"wp","href":"https:\/\/api.w.org\/{rel}","templated":true}]}}